{"id":53,"date":"2014-07-08T18:29:15","date_gmt":"2014-07-08T16:29:15","guid":{"rendered":"http:\/\/zahaczeni.net\/wpwsblog\/?page_id=53"},"modified":"2014-07-08T18:29:41","modified_gmt":"2014-07-08T16:29:41","slug":"sprzet-wedkarski","status":"publish","type":"page","link":"http:\/\/zahaczeni.net\/wpwsblog\/sprzet-wedkarski\/","title":{"rendered":"Sprz\u0119t w\u0119dkarski"},"content":{"rendered":"","protected":false},"excerpt":{"rendered":"","protected":false},"author":2,"featured_media":0,"parent":0,"menu_order":3,"comment_status":"open","ping_status":"open","template":"","meta":{"footnotes":""},"yoast_head":"<!-- This site is optimized with the Yoast SEO plugin v20.13 - https:\/\/yoast.com\/wordpress\/plugins\/seo\/ -->\n<title>Sprz\u0119t w\u0119dkarski - WPWS<\/title>\n<meta name=\"robots\" content=\"index, follow, max-snippet:-1, max-image-preview:large, max-video-preview:-1\" \/>\n<link rel=\"canonical\" href=\"http:\/\/zahaczeni.net\/wpwsblog\/sprzet-wedkarski\/\" \/>\n<meta property=\"og:locale\" content=\"pl_PL\" \/>\n<meta property=\"og:type\" content=\"article\" \/>\n<meta property=\"og:title\" content=\"Sprz\u0119t w\u0119dkarski - WPWS\" \/>\n<meta property=\"og:url\" content=\"http:\/\/zahaczeni.net\/wpwsblog\/sprzet-wedkarski\/\" \/>\n<meta property=\"og:site_name\" content=\"WPWS\" \/>\n<meta property=\"article:modified_time\" content=\"2014-07-08T16:29:41+00:00\" \/>\n<script type=\"application\/ld+json\" class=\"yoast-schema-graph\">{\"@context\":\"https:\/\/schema.org\",\"@graph\":[{\"@type\":\"WebPage\",\"@id\":\"http:\/\/zahaczeni.net\/wpwsblog\/sprzet-wedkarski\/\",\"url\":\"http:\/\/zahaczeni.net\/wpwsblog\/sprzet-wedkarski\/\",\"name\":\"Sprz\u0119t w\u0119dkarski - WPWS\",\"isPartOf\":{\"@id\":\"http:\/\/zahaczeni.net\/wpwsblog\/#website\"},\"datePublished\":\"2014-07-08T16:29:15+00:00\",\"dateModified\":\"2014-07-08T16:29:41+00:00\",\"breadcrumb\":{\"@id\":\"http:\/\/zahaczeni.net\/wpwsblog\/sprzet-wedkarski\/#breadcrumb\"},\"inLanguage\":\"pl-PL\",\"potentialAction\":[{\"@type\":\"ReadAction\",\"target\":[\"http:\/\/zahaczeni.net\/wpwsblog\/sprzet-wedkarski\/\"]}]},{\"@type\":\"BreadcrumbList\",\"@id\":\"http:\/\/zahaczeni.net\/wpwsblog\/sprzet-wedkarski\/#breadcrumb\",\"itemListElement\":[{\"@type\":\"ListItem\",\"position\":1,\"name\":\"Strona g\u0142\u00f3wna\",\"item\":\"http:\/\/zahaczeni.net\/wpwsblog\/\"},{\"@type\":\"ListItem\",\"position\":2,\"name\":\"Sprz\u0119t w\u0119dkarski\"}]},{\"@type\":\"WebSite\",\"@id\":\"http:\/\/zahaczeni.net\/wpwsblog\/#website\",\"url\":\"http:\/\/zahaczeni.net\/wpwsblog\/\",\"name\":\"WPWS\",\"description\":\"W poszukiwaniu w\u0119dkarskiego szcz\u0119\u015bcia ...\",\"potentialAction\":[{\"@type\":\"SearchAction\",\"target\":{\"@type\":\"EntryPoint\",\"urlTemplate\":\"http:\/\/zahaczeni.net\/wpwsblog\/?s={search_term_string}\"},\"query-input\":\"required name=search_term_string\"}],\"inLanguage\":\"pl-PL\"}]}<\/script>\n<!-- \/ Yoast SEO plugin. -->","yoast_head_json":{"title":"Sprz\u0119t w\u0119dkarski - WPWS","robots":{"index":"index","follow":"follow","max-snippet":"max-snippet:-1","max-image-preview":"max-image-preview:large","max-video-preview":"max-video-preview:-1"},"canonical":"http:\/\/zahaczeni.net\/wpwsblog\/sprzet-wedkarski\/","og_locale":"pl_PL","og_type":"article","og_title":"Sprz\u0119t w\u0119dkarski - WPWS","og_url":"http:\/\/zahaczeni.net\/wpwsblog\/sprzet-wedkarski\/","og_site_name":"WPWS","article_modified_time":"2014-07-08T16:29:41+00:00","schema":{"@context":"https:\/\/schema.org","@graph":[{"@type":"WebPage","@id":"http:\/\/zahaczeni.net\/wpwsblog\/sprzet-wedkarski\/","url":"http:\/\/zahaczeni.net\/wpwsblog\/sprzet-wedkarski\/","name":"Sprz\u0119t w\u0119dkarski - WPWS","isPartOf":{"@id":"http:\/\/zahaczeni.net\/wpwsblog\/#website"},"datePublished":"2014-07-08T16:29:15+00:00","dateModified":"2014-07-08T16:29:41+00:00","breadcrumb":{"@id":"http:\/\/zahaczeni.net\/wpwsblog\/sprzet-wedkarski\/#breadcrumb"},"inLanguage":"pl-PL","potentialAction":[{"@type":"ReadAction","target":["http:\/\/zahaczeni.net\/wpwsblog\/sprzet-wedkarski\/"]}]},{"@type":"BreadcrumbList","@id":"http:\/\/zahaczeni.net\/wpwsblog\/sprzet-wedkarski\/#breadcrumb","itemListElement":[{"@type":"ListItem","position":1,"name":"Strona g\u0142\u00f3wna","item":"http:\/\/zahaczeni.net\/wpwsblog\/"},{"@type":"ListItem","position":2,"name":"Sprz\u0119t w\u0119dkarski"}]},{"@type":"WebSite","@id":"http:\/\/zahaczeni.net\/wpwsblog\/#website","url":"http:\/\/zahaczeni.net\/wpwsblog\/","name":"WPWS","description":"W poszukiwaniu w\u0119dkarskiego szcz\u0119\u015bcia ...","potentialAction":[{"@type":"SearchAction","target":{"@type":"EntryPoint","urlTemplate":"http:\/\/zahaczeni.net\/wpwsblog\/?s={search_term_string}"},"query-input":"required name=search_term_string"}],"inLanguage":"pl-PL"}]}},"_links":{"self":[{"href":"http:\/\/zahaczeni.net\/wpwsblog\/wp-json\/wp\/v2\/pages\/53"}],"collection":[{"href":"http:\/\/zahaczeni.net\/wpwsblog\/wp-json\/wp\/v2\/pages"}],"about":[{"href":"http:\/\/zahaczeni.net\/wpwsblog\/wp-json\/wp\/v2\/types\/page"}],"author":[{"embeddable":true,"href":"http:\/\/zahaczeni.net\/wpwsblog\/wp-json\/wp\/v2\/users\/2"}],"replies":[{"embeddable":true,"href":"http:\/\/zahaczeni.net\/wpwsblog\/wp-json\/wp\/v2\/comments?post=53"}],"version-history":[{"count":1,"href":"http:\/\/zahaczeni.net\/wpwsblog\/wp-json\/wp\/v2\/pages\/53\/revisions"}],"predecessor-version":[{"id":54,"href":"http:\/\/zahaczeni.net\/wpwsblog\/wp-json\/wp\/v2\/pages\/53\/revisions\/54"}],"wp:attachment":[{"href":"http:\/\/zahaczeni.net\/wpwsblog\/wp-json\/wp\/v2\/media?parent=53"}],"curies":[{"name":"wp","href":"https:\/\/api.w.org\/{rel}","templated":true}]}}